{"id":19,"date":"2021-06-12T10:00:00","date_gmt":"2021-06-12T08:00:00","guid":{"rendered":"http:\/\/www.ccat94.fr\/?page_id=19"},"modified":"2026-01-22T18:26:44","modified_gmt":"2026-01-22T17:26:44","slug":"a-propos-du-ccat","status":"publish","type":"page","link":"https:\/\/www.ccat94.fr\/","title":{"rendered":"QUI SOMMES NOUS, QUE FAISONS NOUS"},"content":{"rendered":"\n<p class=\"has-text-align-right has-extra-large-font-size\"><\/p>\n\n\n<div class=\"wp-block-image is-style-twentytwentyone-image-frame\">\n<figure class=\"aligncenter size-full is-resized\"><img loading=\"lazy\" decoding=\"async\" width=\"1024\" height=\"443\" src=\"https:\/\/www.ccat94.fr\/wp-content\/uploads\/2022\/10\/image-13.png\" alt=\"\" class=\"wp-image-2027\" style=\"width:974px;height:421px\" srcset=\"https:\/\/www.ccat94.fr\/wp-content\/uploads\/2022\/10\/image-13.png 1024w, https:\/\/www.ccat94.fr\/wp-content\/uploads\/2022\/10\/image-13-300x130.png 300w, https:\/\/www.ccat94.fr\/wp-content\/uploads\/2022\/10\/image-13-768x332.png 768w\" sizes=\"auto, (max-width: 1024px) 100vw, 1024px\" \/><\/figure><\/div>\n\n\n<p class=\"has-large-font-size\">LES ATELIERS OU SE DEROULENT DIVERSES DISCIPLINES DE LOISIRS QUE VOUS ALLEZ DECOUVRIR CI DESSOUS ET QUI SONT SITUES  RUE LOUIS DUPERREY \u00e0 THIAIS<\/p>\n\n\n\n<p><\/p>\n\n\n\n<p class=\"has-text-align-center has-text-color\" style=\"color:#37a643;font-size:60px\">             <strong> L&rsquo;ART    FLORAL<\/strong><\/p>\n\n\n<div class=\"wp-block-image\">\n<figure class=\"aligncenter size-full is-resized\"><img loading=\"lazy\" decoding=\"async\" width=\"280\" height=\"180\" src=\"https:\/\/www.ccat94.fr\/wp-content\/uploads\/2023\/04\/image-6.png\" alt=\"\" class=\"wp-image-2340\" style=\"width:738px;height:474px\"\/><\/figure><\/div>\n\n\n<p class=\"has-text-align-center has-black-color has-text-color has-x-large-font-size\">                     <strong>Les cours sont propos\u00e9s sous forme de  stages, le jeudi et<\/strong> <strong>vendredi de 14 \u00e0 20heures . Les dates sont donn\u00e9es en d\u00e9but de saison.<\/strong><\/p>\n\n\n\n<p class=\"has-text-align-center has-medium-font-size\"><strong><em>                                                                                                                <\/em><\/strong><\/p>\n\n\n\n<p class=\"has-text-align-center has-luminous-vivid-orange-color has-text-color\" style=\"font-size:60px\"><strong>LA COUTURE<\/strong><\/p>\n\n\n<div class=\"wp-block-image is-style-default\">\n<figure class=\"aligncenter size-full is-resized\"><img loading=\"lazy\" decoding=\"async\" width=\"276\" height=\"183\" src=\"https:\/\/www.ccat94.fr\/wp-content\/uploads\/2022\/03\/image-1.jpeg\" alt=\"\" class=\"wp-image-1504\" style=\"width:708px;height:470px\"\/><\/figure><\/div>\n\n\n<p><\/p>\n\n\n\n<p class=\"has-x-large-font-size\"><strong> Les cours ont lieu les lundis &#8211; mardis (en soir\u00e9e)et  les samedis sous forme de stages de 5 heures .  <\/strong><\/p>\n\n\n\n<p class=\"has-x-large-font-size\"><strong>Des cours de patronages, ont \u00e9galement lieu les jeudis et vendredis en soir\u00e9e de 18h30 \u00e0 20 heures                                                       <\/strong><\/p>\n\n\n\n<p class=\"has-text-align-center has-large-font-size\"><\/p>\n\n\n\n<p class=\"has-text-align-center has-text-color\" style=\"color:#19289e;font-size:60px\"><strong>LE CARTONNAGE et L&rsquo;ENCADREMENT<\/strong><\/p>\n\n\n<div class=\"wp-block-image\">\n<figure class=\"aligncenter size-full is-resized\"><img loading=\"lazy\" decoding=\"async\" width=\"670\" height=\"389\" src=\"https:\/\/www.ccat94.fr\/wp-content\/uploads\/2023\/04\/image-11.png\" alt=\"\" class=\"wp-image-2370\" style=\"width:738px;height:429px\" srcset=\"https:\/\/www.ccat94.fr\/wp-content\/uploads\/2023\/04\/image-11.png 670w, https:\/\/www.ccat94.fr\/wp-content\/uploads\/2023\/04\/image-11-300x174.png 300w\" sizes=\"auto, (max-width: 670px) 100vw, 670px\" \/><\/figure><\/div>\n\n\n<p class=\"has-medium-font-size\"><\/p>\n\n\n\n<p class=\"has-text-align-center has-x-large-font-size\"><strong>LES COURS DE CARTONNAGE LES MARDIS &#8211; JEUDIS &#8211; VENDREDIS  et LES SAMEDI<\/strong>S <strong>(selon un planning \u00e9tabli en d\u00e9but de saison)<\/strong><\/p>\n\n\n\n<p class=\"has-x-large-font-size\"><strong>LES COURS D&rsquo;ENCADREMENT LE LUNDI de 13h30 \u00e0 17h30 (selon un planning \u00e9tabli en d\u00e9but de saison)<\/strong><\/p>\n\n\n\n<p class=\"has-text-align-center has-luminous-vivid-amber-color has-text-color\" style=\"font-size:60px\"><strong>LA BRODERIE DE LUNEVILLE <\/strong><\/p>\n\n\n<div class=\"wp-block-image\">\n<figure class=\"aligncenter size-full is-resized\"><img loading=\"lazy\" decoding=\"async\" width=\"275\" height=\"183\" src=\"https:\/\/www.ccat94.fr\/wp-content\/uploads\/2023\/04\/image-12.png\" alt=\"\" class=\"wp-image-2373\" style=\"width:752px;height:500px\"\/><\/figure><\/div>\n\n\n<p><\/p>\n\n\n\n<p class=\"has-text-align-center has-x-large-font-size\"><strong>SOUS FORME DE STAGES DE 5 HEURES , LES COURS ONT LIEU UN JEUDI PAR MOIS<\/strong><\/p>\n\n\n\n<p><\/p>\n\n\n\n<p class=\"has-text-align-center has-vivid-purple-color has-text-color\" style=\"font-size:60px\"><strong>LE POINT COMPTE<\/strong><\/p>\n\n\n<div class=\"wp-block-image\">\n<figure class=\"aligncenter size-full is-resized\"><img loading=\"lazy\" decoding=\"async\" width=\"217\" height=\"232\" src=\"https:\/\/www.ccat94.fr\/wp-content\/uploads\/2023\/04\/image-13.png\" alt=\"\" class=\"wp-image-2374\" style=\"width:706px;height:755px\"\/><\/figure><\/div>\n\n\n<p><\/p>\n\n\n\n<p class=\"has-text-align-center has-x-large-font-size\"><strong>COURS TOUS LES MERCREDIS APRES MIDI<\/strong><\/p>\n\n\n\n<p><\/p>\n\n\n\n<p class=\"has-text-align-center has-text-color\" style=\"color:#a8274ed9;font-size:48px\"><strong>INITIATION OU PERFECTIONNEMENT \u00e0 L&rsquo;ANGLAIS ou \u00e0 L&rsquo;ITALIEN<\/strong><\/p>\n\n\n<div class=\"wp-block-image\">\n<figure class=\"aligncenter size-full is-resized\"><img loading=\"lazy\" decoding=\"async\" width=\"300\" height=\"168\" src=\"https:\/\/www.ccat94.fr\/wp-content\/uploads\/2023\/04\/image-16.png\" alt=\"\" class=\"wp-image-2379\" style=\"width:756px;height:424px\"\/><\/figure><\/div>\n\n\n<p><\/p>\n\n\n\n<p class=\"has-text-align-center has-x-large-font-size\"><strong>ANGLAIS LES LUNDIS  &#8211; MARDIS et MERCREDIS (en soir\u00e9e)<\/strong><\/p>\n\n\n\n<p class=\"has-text-align-center\" style=\"font-size:40px\"><strong> ITALIEN LES VENDREDIS (en soir\u00e9e) ou SAMEDIS MATIN<\/strong><\/p>\n\n\n\n<p class=\"has-text-align-center has-text-color\" style=\"color:#6623a4;font-size:60px\"><strong>D&rsquo;AUTRES COURS SONT EGALEMENTS DISPENSES A L&rsquo;ESPACE GRIGNON \u00e0 THIAIS <\/strong><\/p>\n\n\n\n<p class=\"has-text-align-center has-large-font-size\">LES ARTS PLASTIQUES LES JEUDIS &#8211; VENDREDIS SOIR ET LES SAMEDIS MATIN<\/p>\n\n\n<div class=\"wp-block-image\">\n<figure class=\"aligncenter size-full is-resized\"><img loading=\"lazy\" decoding=\"async\" width=\"279\" height=\"181\" src=\"https:\/\/www.ccat94.fr\/wp-content\/uploads\/2023\/04\/image-17.png\" alt=\"\" class=\"wp-image-2382\" style=\"width:787px;height:510px\"\/><\/figure><\/div>\n\n\n<p style=\"font-size:24px\"><\/p>\n\n\n\n<p class=\"has-text-align-center has-text-color\" style=\"color:#0e2085;font-size:41px\"><strong>OU ENCORE , A CHOISY LE ROI , DES COURS DE VITRAIL<\/strong><\/p>\n\n\n<div class=\"wp-block-image\">\n<figure class=\"aligncenter size-full is-resized\"><img loading=\"lazy\" decoding=\"async\" width=\"259\" height=\"195\" src=\"https:\/\/www.ccat94.fr\/wp-content\/uploads\/2023\/04\/image-19.png\" alt=\"\" class=\"wp-image-2384\" style=\"width:789px;height:594px\"\/><\/figure><\/div>\n\n\n<p class=\"has-text-align-center has-black-color has-text-color\" style=\"font-size:39px\"><strong>DU  MARDI AU SAMEDI<\/strong><\/p>\n\n\n\n<p class=\"has-text-align-center has-black-color has-text-color\" style=\"font-size:39px\"><strong>           (en matin\u00e9e -apr\u00e8s midi &#8211; soir\u00e9e)             <em>                                                                                                                                                                                                                                                                          <\/em><\/strong><\/p>\n\n\n\n<p class=\"has-text-align-center has-black-color has-text-color\" style=\"font-size:24px\">                                                                                                                                             <strong><em>         <\/em><\/strong><\/p>\n\n\n\n<p class=\"has-text-align-center has-text-color has-background\" style=\"color:#7c1515;background-color:#00d18487;font-size:33px\"><strong>POUR TOUS RENSEIGNEMENTS   T\u00e9l : 01. 48. 92. 42. 95<\/strong><\/p>\n\n\n\n<p><\/p>\n\n\n\n<p><\/p>\n\n\n\n<p><\/p>\n\n\n\n<p><\/p>\n\n\n\n<p><\/p>\n\n\n\n<p><\/p>\n\n\n\n<p><\/p>\n\n\n\n<p><\/p>\n\n\n\n<p><\/p>\n\n\n\n<p><\/p>\n\n\n\n<p><\/p>\n\n\n\n<p><\/p>\n\n\n\n<p><\/p>\n\n\n\n<p><\/p>\n\n\n\n<p><\/p>\n\n\n\n<p><\/p>\n\n\n\n<p><\/p>\n\n\n\n<p><\/p>\n\n\n\n<p><\/p>\n\n\n\n<p><\/p>\n\n\n\n<p><\/p>\n","protected":false},"excerpt":{"rendered":"<p>LES ATELIERS OU SE DEROULENT DIVERSES DISCIPLINES DE LOISIRS QUE VOUS ALLEZ DECOUVRIR CI DESSOUS ET QUI SONT SITUES RUE LOUIS DUPERREY \u00e0 THIAIS L&rsquo;ART FLORAL Les cours sont propos\u00e9s sous forme de stages, le jeudi et vendredi de 14 \u00e0 20heures . Les dates&hellip;<\/p>\n","protected":false},"author":2,"featured_media":0,"parent":0,"menu_order":1,"comment_status":"closed","ping_status":"closed","template":"","meta":{"footnotes":""},"class_list":["post-19","page","type-page","status-publish","hentry"],"_links":{"self":[{"href":"https:\/\/www.ccat94.fr\/index.php\/wp-json\/wp\/v2\/pages\/19","targetHints":{"allow":["GET"]}}],"collection":[{"href":"https:\/\/www.ccat94.fr\/index.php\/wp-json\/wp\/v2\/pages"}],"about":[{"href":"https:\/\/www.ccat94.fr\/index.php\/wp-json\/wp\/v2\/types\/page"}],"author":[{"embeddable":true,"href":"https:\/\/www.ccat94.fr\/index.php\/wp-json\/wp\/v2\/users\/2"}],"replies":[{"embeddable":true,"href":"https:\/\/www.ccat94.fr\/index.php\/wp-json\/wp\/v2\/comments?post=19"}],"version-history":[{"count":358,"href":"https:\/\/www.ccat94.fr\/index.php\/wp-json\/wp\/v2\/pages\/19\/revisions"}],"predecessor-version":[{"id":3871,"href":"https:\/\/www.ccat94.fr\/index.php\/wp-json\/wp\/v2\/pages\/19\/revisions\/3871"}],"wp:attachment":[{"href":"https:\/\/www.ccat94.fr\/index.php\/wp-json\/wp\/v2\/media?parent=19"}],"curies":[{"name":"wp","href":"https:\/\/api.w.org\/{rel}","templated":true}]}}